	{"id":1015,"date":"2021-07-10T16:32:43","date_gmt":"2021-07-10T14:32:43","guid":{"rendered":"http:\/\/tabernacasavalles.com\/?page_id=1015"},"modified":"2024-03-20T20:12:37","modified_gmt":"2024-03-20T18:12:37","slug":"habitaciones","status":"publish","type":"page","link":"http:\/\/tabernacasavalles.com\/index.php\/habitaciones\/","title":{"rendered":"Habitaciones"},"content":{"rendered":"\n<div class=\"wp-block-group\"><div class=\"wp-block-group__inner-container is-layout-flow wp-block-group-is-layout-flow\">\n<div class=\"wp-block-group\"><div class=\"wp-block-group__inner-container is-layout-flow wp-block-group-is-layout-flow\">\n<div class=\"wp-block-columns is-layout-flex wp-container-core-columns-is-layout-9d6595d7 wp-block-columns-is-layout-flex\">\n<div class=\"wp-block-column is-layout-flow wp-block-column-is-layout-flow\" style=\"flex-basis:100%\">\n<div class=\"wp-block-group\"><div class=\"wp-block-group__inner-container is-layout-flow wp-block-group-is-layout-flow\">\n<div class=\"wp-block-media-text alignwide is-stacked-on-mobile\"><figure class=\"wp-block-media-text__media\"><img loading=\"lazy\" decoding=\"async\" width=\"766\" height=\"1024\" src=\"http:\/\/tabernacasavalles.com\/wp-content\/uploads\/2021\/07\/IMG_20210606_123155-766x1024.jpg\" alt=\"\" class=\"wp-image-1132 size-full\" srcset=\"http:\/\/tabernacasavalles.com\/wp-content\/uploads\/2021\/07\/IMG_20210606_123155-766x1024.jpg 766w, http:\/\/tabernacasavalles.com\/wp-content\/uploads\/2021\/07\/IMG_20210606_123155-224x300.jpg 224w, http:\/\/tabernacasavalles.com\/wp-content\/uploads\/2021\/07\/IMG_20210606_123155-768x1027.jpg 768w, http:\/\/tabernacasavalles.com\/wp-content\/uploads\/2021\/07\/IMG_20210606_123155-1149x1536.jpg 1149w, http:\/\/tabernacasavalles.com\/wp-content\/uploads\/2021\/07\/IMG_20210606_123155-1532x2048.jpg 1532w, http:\/\/tabernacasavalles.com\/wp-content\/uploads\/2021\/07\/IMG_20210606_123155-scaled.jpg 1915w\" sizes=\"auto, (max-width: 766px) 100vw, 766px\" \/><\/figure><div class=\"wp-block-media-text__content\">\n<h2 class=\"wp-block-heading\"><em>Taberna Casa Vall\u00e9s est\u00e1 ubicada en el coraz\u00f3n de Broto, a escasos metros del r\u00edo Ara y muy cerca de la cascada de Sorrosal. El emplazamiento en el que se encuentra es perfecto para visitar el valle de Bujaruelo y el Parque Nacional de Ordesa y Monte Perdido.<\/em><\/h2>\n<\/div><\/div>\n\n\n\n<p><\/p>\n<\/div><\/div>\n\n\n\n<div class=\"wp-block-media-text alignwide has-media-on-the-right is-stacked-on-mobile\"><div class=\"wp-block-media-text__content\">\n<h2 class=\"wp-block-heading\"><em>Taberna Casa Vall\u00e9s cuenta con cuatro habitaciones y cada una de ellas est\u00e1 equipada con:<br>\u2013 TV plana<br>\u2013 Conexi\u00f3n WIFI gratuita<br>\u2013 Calefacci\u00f3n<br>\u2013 Ba\u00f1o privado<\/em><\/h2>\n<\/div><figure class=\"wp-block-media-text__media\"><img loading=\"lazy\" decoding=\"async\" width=\"768\" height=\"1024\" src=\"http:\/\/tabernacasavalles.com\/wp-content\/uploads\/2024\/03\/IMG_3232-768x1024.jpg\" alt=\"\" class=\"wp-image-1539 size-full\" srcset=\"http:\/\/tabernacasavalles.com\/wp-content\/uploads\/2024\/03\/IMG_3232-768x1024.jpg 768w, http:\/\/tabernacasavalles.com\/wp-content\/uploads\/2024\/03\/IMG_3232-225x300.jpg 225w, http:\/\/tabernacasavalles.com\/wp-content\/uploads\/2024\/03\/IMG_3232-1152x1536.jpg 1152w, http:\/\/tabernacasavalles.com\/wp-content\/uploads\/2024\/03\/IMG_3232-1536x2048.jpg 1536w, http:\/\/tabernacasavalles.com\/wp-content\/uploads\/2024\/03\/IMG_3232-scaled.jpg 1920w\" sizes=\"auto, (max-width: 768px) 100vw, 768px\" \/><\/figure><\/div>\n\n\n\n<p><\/p>\n<\/div>\n<\/div>\n<\/div><\/div>\n<\/div><\/div>\n\n\n\n<div class=\"wp-block-jetpack-slideshow aligncenter\" data-effect=\"slide\"><div class=\"wp-block-jetpack-slideshow_container swiper-container\"><ul class=\"wp-block-jetpack-slideshow_swiper-wrapper swiper-wrapper\"><li class=\"wp-block-jetpack-slideshow_slide swiper-slide\"><figure><img loading=\"lazy\" decoding=\"async\" width=\"768\" height=\"1024\" alt=\"\" class=\"wp-block-jetpack-slideshow_image wp-image-1540\" data-id=\"1540\" src=\"http:\/\/tabernacasavalles.com\/wp-content\/uploads\/2024\/03\/IMG_3229-768x1024.jpg\" srcset=\"http:\/\/tabernacasavalles.com\/wp-content\/uploads\/2024\/03\/IMG_3229-768x1024.jpg 768w, http:\/\/tabernacasavalles.com\/wp-content\/uploads\/2024\/03\/IMG_3229-225x300.jpg 225w, http:\/\/tabernacasavalles.com\/wp-content\/uploads\/2024\/03\/IMG_3229-1152x1536.jpg 1152w, http:\/\/tabernacasavalles.com\/wp-content\/uploads\/2024\/03\/IMG_3229-1536x2048.jpg 1536w, http:\/\/tabernacasavalles.com\/wp-content\/uploads\/2024\/03\/IMG_3229-scaled.jpg 1920w\" sizes=\"auto, (max-width: 768px) 100vw, 768px\" \/><\/figure><\/li><li class=\"wp-block-jetpack-slideshow_slide swiper-slide\"><figure><img loading=\"lazy\" decoding=\"async\" width=\"766\" height=\"1024\" alt=\"\" class=\"wp-block-jetpack-slideshow_image wp-image-1141\" data-id=\"1141\" src=\"http:\/\/tabernacasavalles.com\/wp-content\/uploads\/2021\/07\/IMG_20210606_123511-766x1024.jpg\" srcset=\"http:\/\/tabernacasavalles.com\/wp-content\/uploads\/2021\/07\/IMG_20210606_123511-766x1024.jpg 766w, http:\/\/tabernacasavalles.com\/wp-content\/uploads\/2021\/07\/IMG_20210606_123511-224x300.jpg 224w, http:\/\/tabernacasavalles.com\/wp-content\/uploads\/2021\/07\/IMG_20210606_123511-768x1027.jpg 768w, http:\/\/tabernacasavalles.com\/wp-content\/uploads\/2021\/07\/IMG_20210606_123511-1149x1536.jpg 1149w, http:\/\/tabernacasavalles.com\/wp-content\/uploads\/2021\/07\/IMG_20210606_123511-1532x2048.jpg 1532w, http:\/\/tabernacasavalles.com\/wp-content\/uploads\/2021\/07\/IMG_20210606_123511-scaled.jpg 1915w\" sizes=\"auto, (max-width: 766px) 100vw, 766px\" \/><\/figure><\/li><li class=\"wp-block-jetpack-slideshow_slide swiper-slide\"><figure><img loading=\"lazy\" decoding=\"async\" width=\"768\" height=\"1024\" alt=\"\" class=\"wp-block-jetpack-slideshow_image wp-image-1538\" data-id=\"1538\" src=\"http:\/\/tabernacasavalles.com\/wp-content\/uploads\/2024\/03\/IMG_3235-768x1024.jpg\" srcset=\"http:\/\/tabernacasavalles.com\/wp-content\/uploads\/2024\/03\/IMG_3235-768x1024.jpg 768w, http:\/\/tabernacasavalles.com\/wp-content\/uploads\/2024\/03\/IMG_3235-225x300.jpg 225w, http:\/\/tabernacasavalles.com\/wp-content\/uploads\/2024\/03\/IMG_3235-1152x1536.jpg 1152w, http:\/\/tabernacasavalles.com\/wp-content\/uploads\/2024\/03\/IMG_3235-1536x2048.jpg 1536w, http:\/\/tabernacasavalles.com\/wp-content\/uploads\/2024\/03\/IMG_3235-scaled.jpg 1920w\" sizes=\"auto, (max-width: 768px) 100vw, 768px\" \/><\/figure><\/li><li class=\"wp-block-jetpack-slideshow_slide swiper-slide\"><figure><img loading=\"lazy\" decoding=\"async\" width=\"768\" height=\"1024\" alt=\"\" class=\"wp-block-jetpack-slideshow_image wp-image-1535\" data-id=\"1535\" src=\"http:\/\/tabernacasavalles.com\/wp-content\/uploads\/2024\/03\/IMG_3233-768x1024.jpg\" srcset=\"http:\/\/tabernacasavalles.com\/wp-content\/uploads\/2024\/03\/IMG_3233-768x1024.jpg 768w, http:\/\/tabernacasavalles.com\/wp-content\/uploads\/2024\/03\/IMG_3233-225x300.jpg 225w, http:\/\/tabernacasavalles.com\/wp-content\/uploads\/2024\/03\/IMG_3233-1152x1536.jpg 1152w, http:\/\/tabernacasavalles.com\/wp-content\/uploads\/2024\/03\/IMG_3233-1536x2048.jpg 1536w, http:\/\/tabernacasavalles.com\/wp-content\/uploads\/2024\/03\/IMG_3233-scaled.jpg 1920w\" sizes=\"auto, (max-width: 768px) 100vw, 768px\" \/><\/figure><\/li><li class=\"wp-block-jetpack-slideshow_slide swiper-slide\"><figure><img loading=\"lazy\" decoding=\"async\" width=\"768\" height=\"1024\" alt=\"\" class=\"wp-block-jetpack-slideshow_image wp-image-1536\" data-id=\"1536\" src=\"http:\/\/tabernacasavalles.com\/wp-content\/uploads\/2024\/03\/IMG_3227-768x1024.jpg\" srcset=\"http:\/\/tabernacasavalles.com\/wp-content\/uploads\/2024\/03\/IMG_3227-768x1024.jpg 768w, http:\/\/tabernacasavalles.com\/wp-content\/uploads\/2024\/03\/IMG_3227-225x300.jpg 225w, http:\/\/tabernacasavalles.com\/wp-content\/uploads\/2024\/03\/IMG_3227-1152x1536.jpg 1152w, http:\/\/tabernacasavalles.com\/wp-content\/uploads\/2024\/03\/IMG_3227-1536x2048.jpg 1536w, http:\/\/tabernacasavalles.com\/wp-content\/uploads\/2024\/03\/IMG_3227-scaled.jpg 1920w\" sizes=\"auto, (max-width: 768px) 100vw, 768px\" \/><\/figure><\/li><li class=\"wp-block-jetpack-slideshow_slide swiper-slide\"><figure><img loading=\"lazy\" decoding=\"async\" width=\"766\" height=\"1024\" alt=\"\" class=\"wp-block-jetpack-slideshow_image wp-image-1136\" data-id=\"1136\" src=\"http:\/\/tabernacasavalles.com\/wp-content\/uploads\/2021\/07\/IMG_20210606_123255-766x1024.jpg\" srcset=\"http:\/\/tabernacasavalles.com\/wp-content\/uploads\/2021\/07\/IMG_20210606_123255-766x1024.jpg 766w, http:\/\/tabernacasavalles.com\/wp-content\/uploads\/2021\/07\/IMG_20210606_123255-224x300.jpg 224w, http:\/\/tabernacasavalles.com\/wp-content\/uploads\/2021\/07\/IMG_20210606_123255-768x1027.jpg 768w, http:\/\/tabernacasavalles.com\/wp-content\/uploads\/2021\/07\/IMG_20210606_123255-1149x1536.jpg 1149w, http:\/\/tabernacasavalles.com\/wp-content\/uploads\/2021\/07\/IMG_20210606_123255-1532x2048.jpg 1532w, http:\/\/tabernacasavalles.com\/wp-content\/uploads\/2021\/07\/IMG_20210606_123255-scaled.jpg 1915w\" sizes=\"auto, (max-width: 766px) 100vw, 766px\" \/><\/figure><\/li><li class=\"wp-block-jetpack-slideshow_slide swiper-slide\"><figure><img loading=\"lazy\" decoding=\"async\" width=\"768\" height=\"1024\" alt=\"\" class=\"wp-block-jetpack-slideshow_image wp-image-1537\" data-id=\"1537\" src=\"http:\/\/tabernacasavalles.com\/wp-content\/uploads\/2024\/03\/IMG_3234-768x1024.jpg\" srcset=\"http:\/\/tabernacasavalles.com\/wp-content\/uploads\/2024\/03\/IMG_3234-768x1024.jpg 768w, http:\/\/tabernacasavalles.com\/wp-content\/uploads\/2024\/03\/IMG_3234-225x300.jpg 225w, http:\/\/tabernacasavalles.com\/wp-content\/uploads\/2024\/03\/IMG_3234-1152x1536.jpg 1152w, http:\/\/tabernacasavalles.com\/wp-content\/uploads\/2024\/03\/IMG_3234-1536x2048.jpg 1536w, http:\/\/tabernacasavalles.com\/wp-content\/uploads\/2024\/03\/IMG_3234-scaled.jpg 1920w\" sizes=\"auto, (max-width: 768px) 100vw, 768px\" \/><\/figure><\/li><li class=\"wp-block-jetpack-slideshow_slide swiper-slide\"><figure><img loading=\"lazy\" decoding=\"async\" width=\"768\" height=\"1024\" alt=\"\" class=\"wp-block-jetpack-slideshow_image wp-image-1539\" data-id=\"1539\" src=\"http:\/\/tabernacasavalles.com\/wp-content\/uploads\/2024\/03\/IMG_3232-768x1024.jpg\" srcset=\"http:\/\/tabernacasavalles.com\/wp-content\/uploads\/2024\/03\/IMG_3232-768x1024.jpg 768w, http:\/\/tabernacasavalles.com\/wp-content\/uploads\/2024\/03\/IMG_3232-225x300.jpg 225w, http:\/\/tabernacasavalles.com\/wp-content\/uploads\/2024\/03\/IMG_3232-1152x1536.jpg 1152w, http:\/\/tabernacasavalles.com\/wp-content\/uploads\/2024\/03\/IMG_3232-1536x2048.jpg 1536w, http:\/\/tabernacasavalles.com\/wp-content\/uploads\/2024\/03\/IMG_3232-scaled.jpg 1920w\" sizes=\"auto, (max-width: 768px) 100vw, 768px\" \/><\/figure><\/li><li class=\"wp-block-jetpack-slideshow_slide swiper-slide\"><figure><img loading=\"lazy\" decoding=\"async\" width=\"768\" height=\"1024\" alt=\"\" class=\"wp-block-jetpack-slideshow_image wp-image-1541\" data-id=\"1541\" src=\"http:\/\/tabernacasavalles.com\/wp-content\/uploads\/2024\/03\/IMG_3230-768x1024.jpg\" srcset=\"http:\/\/tabernacasavalles.com\/wp-content\/uploads\/2024\/03\/IMG_3230-768x1024.jpg 768w, http:\/\/tabernacasavalles.com\/wp-content\/uploads\/2024\/03\/IMG_3230-225x300.jpg 225w, http:\/\/tabernacasavalles.com\/wp-content\/uploads\/2024\/03\/IMG_3230-1152x1536.jpg 1152w, http:\/\/tabernacasavalles.com\/wp-content\/uploads\/2024\/03\/IMG_3230-1536x2048.jpg 1536w, http:\/\/tabernacasavalles.com\/wp-content\/uploads\/2024\/03\/IMG_3230-scaled.jpg 1920w\" sizes=\"auto, (max-width: 768px) 100vw, 768px\" \/><\/figure><\/li><\/ul><a class=\"wp-block-jetpack-slideshow_button-prev swiper-button-prev swiper-button-white\" role=\"button\"><\/a><a class=\"wp-block-jetpack-slideshow_button-next swiper-button-next swiper-button-white\" role=\"button\"><\/a><a aria-label=\"Pause Slideshow\" class=\"wp-block-jetpack-slideshow_button-pause\" role=\"button\"><\/a><div class=\"wp-block-jetpack-slideshow_pagination swiper-pagination swiper-pagination-white\"><\/div><\/div><\/div>\n\n\n\n<div class=\"wp-block-columns is-layout-flex wp-container-core-columns-is-layout-9d6595d7 wp-block-columns-is-layout-flex\">\n<div class=\"wp-block-column is-layout-flow wp-block-column-is-layout-flow\" style=\"flex-basis:100%\">\n<div class=\"wp-block-group\"><div class=\"wp-block-group__inner-container is-layout-flow wp-block-group-is-layout-flow\">\n<p><\/p>\n<\/div><\/div>\n<\/div>\n<\/div>\n","protected":false},"excerpt":{"rendered":"<p>Taberna Casa Vall\u00e9s est\u00e1 ubicada en el coraz\u00f3n de Broto, a escasos metros del r\u00edo Ara y muy cerca de la cascada de Sorrosal. El emplazamiento en el que se encuentra es perfecto para visitar el valle de Bujaruelo y el Parque Nacional de Ordesa y Monte Perdido. Taberna Casa Vall\u00e9s cuenta con cuatro habitaciones <a href=\"http:\/\/tabernacasavalles.com\/index.php\/habitaciones\/\" class=\"more-link\">[&hellip;]<\/a><\/p>\n","protected":false},"author":1,"featured_media":0,"parent":0,"menu_order":0,"comment_status":"closed","ping_status":"closed","template":"","meta":{"om_disable_all_campaigns":false,"_monsterinsights_skip_tracking":false,"_monsterinsights_sitenote_active":false,"_monsterinsights_sitenote_note":"","_monsterinsights_sitenote_category":0,"spay_email":"","footnotes":""},"class_list":["post-1015","page","type-page","status-publish","hentry"],"_links":{"self":[{"href":"http:\/\/tabernacasavalles.com\/index.php\/wp-json\/wp\/v2\/pages\/1015","targetHints":{"allow":["GET"]}}],"collection":[{"href":"http:\/\/tabernacasavalles.com\/index.php\/wp-json\/wp\/v2\/pages"}],"about":[{"href":"http:\/\/tabernacasavalles.com\/index.php\/wp-json\/wp\/v2\/types\/page"}],"author":[{"embeddable":true,"href":"http:\/\/tabernacasavalles.com\/index.php\/wp-json\/wp\/v2\/users\/1"}],"replies":[{"embeddable":true,"href":"http:\/\/tabernacasavalles.com\/index.php\/wp-json\/wp\/v2\/comments?post=1015"}],"version-history":[{"count":34,"href":"http:\/\/tabernacasavalles.com\/index.php\/wp-json\/wp\/v2\/pages\/1015\/revisions"}],"predecessor-version":[{"id":1543,"href":"http:\/\/tabernacasavalles.com\/index.php\/wp-json\/wp\/v2\/pages\/1015\/revisions\/1543"}],"wp:attachment":[{"href":"http:\/\/tabernacasavalles.com\/index.php\/wp-json\/wp\/v2\/media?parent=1015"}],"curies":[{"name":"wp","href":"https:\/\/api.w.org\/{rel}","templated":true}]}}